{"id":1887,"date":"2020-06-20T09:10:47","date_gmt":"2020-06-20T09:10:47","guid":{"rendered":"http:\/\/ninzio.com\/octavian\/?page_id=1887"},"modified":"2024-06-13T20:36:37","modified_gmt":"2024-06-13T17:36:37","slug":"%d0%ba%d0%be%d0%bd%d1%82%d0%b0%d0%ba%d1%82%d1%8b","status":"publish","type":"page","link":"https:\/\/www.akdemtekstil.com.tr\/ru\/%d0%ba%d0%be%d0%bd%d1%82%d0%b0%d0%ba%d1%82%d1%8b\/","title":{"rendered":"\u041a\u043e\u043d\u0442\u0430\u043a\u0442\u044b"},"content":{"rendered":"<p>[vc_row full_width=&#187;stretch_row&#187; canvas=&#187;%5B%7B%22shape%22%3A%22shape-1%22%2C%22image_effect%22%3A%22style-1%22%2C%22smoothness%22%3A%2230%22%7D%5D&#187; css=&#187;.vc_custom_1592643306738{background-color: #f8f8f9 !important;}&#187;][vc_column]<div class=\"deeper-spacer clearfix\" data-config='{\"desktop\":50,\"mobile\":40,\"smobile\":30}'><\/div>[vc_row_inner][vc_column_inner offset=&#187;vc_col-md-4&#8243;]<div class=\"deeper-content-box clearfix ctb-1046391474\" style=\"\" data-config='{\"padding\":\"70px 50px 86px\",\"mobiPadding\":\"70px 50px 86px\",\"margin\":\"0\",\"mobiMargin\":\"0\",\"bg\":\"#ffffff\",\"round\":\"10px\",\"borderStyleHover\":\"solid\",\"shadowHover\":\"0 30px 70px 0 rgba(227,239,240,0.7)\",\"TranslateYHover\":\"-10\"}'>\r\n\t\t\t\t\t<div class=\"inner \" style=\"overflow:hidden;\">\r\n\t\t\t\t\t\t<div class=\"deeper-icon-box clearfix icon-top align-center\" style=\"\" >\n\t\t\t\t\t <h3 class=\"heading \" style=\"margin-top:40px;margin-bottom:15px;\">\n\t\t\t\t\t\t<span>\u0410\u0434\u0440\u0435\u0441 \u0444\u0430\u0431\u0440\u0438\u043a\u0438<\/span>\n\t\t\t\t\t<\/h3><div class=\"desc \" style=\"\"><p>Kale mah. Karasu Cad. No:1 Kestel Bursa T\u00dcRK\u0130YE<\/p>\n<\/div> \n\t\t\t\t<\/div>\r\n\t\t\t\t\t<\/div>\r\n\t\t\t\t\t\r\n\t\t\t\t<\/div><div class=\"deeper-spacer clearfix\" data-config='{\"mobile\":30,\"smobile\":30}'><\/div>[\/vc_column_inner][vc_column_inner offset=&#187;vc_col-md-4&#8243;]<div class=\"deeper-content-box clearfix ctb-1874039160\" style=\"\" data-config='{\"padding\":\"70px 50px 86px\",\"mobiPadding\":\"70px 50px 86px\",\"margin\":\"0\",\"mobiMargin\":\"0\",\"bg\":\"#ffffff\",\"round\":\"10px\",\"borderStyleHover\":\"solid\",\"shadowHover\":\"0 30px 70px 0 rgba(227,239,240,0.7)\",\"TranslateYHover\":\"-10\"}'>\r\n\t\t\t\t\t<div class=\"inner \" style=\"overflow:hidden;\">\r\n\t\t\t\t\t\t<div class=\"deeper-icon-box clearfix icon-top align-center\" style=\"\" >\n\t\t\t\t\t <h3 class=\"heading \" style=\"margin-top:40px;margin-bottom:15px;\">\n\t\t\t\t\t\t<span>\u0424\u0430\u0431\u0440\u0438\u043a\u0430 \u0422\u0435\u043b.<\/span>\n\t\t\t\t\t<\/h3><div class=\"desc \" style=\"\"><p>+90 224 372 36 90<br \/>\n+90 530 408 21 24<\/p>\n<\/div> \n\t\t\t\t<\/div>\r\n\t\t\t\t\t<\/div>\r\n\t\t\t\t\t\r\n\t\t\t\t<\/div><div class=\"deeper-spacer clearfix\" data-config='{\"mobile\":30,\"smobile\":30}'><\/div>[\/vc_column_inner][vc_column_inner offset=&#187;vc_col-md-4&#8243;]<div class=\"deeper-content-box clearfix ctb-1959011519\" style=\"\" data-config='{\"padding\":\"70px 50px 86px\",\"mobiPadding\":\"70px 50px 86px\",\"margin\":\"0\",\"mobiMargin\":\"0\",\"bg\":\"#ffffff\",\"round\":\"10px\",\"borderStyleHover\":\"solid\",\"shadowHover\":\"0 30px 70px 0 rgba(227,239,240,0.7)\",\"TranslateYHover\":\"-10\"}'>\r\n\t\t\t\t\t<div class=\"inner \" style=\"overflow:hidden;\">\r\n\t\t\t\t\t\t<div class=\"deeper-icon-box clearfix icon-top align-center\" style=\"\" >\n\t\t\t\t\t <h3 class=\"heading \" style=\"margin-top:40px;margin-bottom:15px;\">\n\t\t\t\t\t\t<span>\u042d\u043b. \u043f\u043e\u0447\u0442\u0430<\/span>\n\t\t\t\t\t<\/h3><div class=\"desc \" style=\"\"><p>fabrika@akdemtekstil.com.tr<br \/>\nsatis@akdemtekstil.com.tr<\/p>\n<\/div> \n\t\t\t\t<\/div>\r\n\t\t\t\t\t<\/div>\r\n\t\t\t\t\t\r\n\t\t\t\t<\/div>[\/vc_column_inner][\/vc_row_inner]<div class=\"deeper-spacer clearfix\" data-config='{\"desktop\":50,\"mobile\":40,\"smobile\":30}'><\/div>[\/vc_column][\/vc_row][vc_row][vc_column]<div class=\"deeper-spacer clearfix\" data-config='{\"desktop\":150,\"mobile\":120,\"smobile\":90}'><\/div>[vc_row_inner equal_height=&#187;yes&#187;][vc_column_inner offset=&#187;vc_col-md-5&#8243;]<div class=\"deeper-content-box clearfix ctb-2090717689 wow fadeInUp\" style=\"\" data-config='{\"padding\":\"0\",\"mobiPadding\":\"0\",\"margin\":\"0\",\"mobiMargin\":\"0\",\"borderStyleHover\":\"solid\"}' data-wow-duration=\"0.75s\" data-wow-delay=\"0.3s\">\r\n\t\t\t\t\t<div class=\"inner \" style=\"\">\r\n\t\t\t\t\t\t<h2 class=\"deeper-text align-left \" style=\"margin-bottom:0px;\" ><span>\u0424\u0430\u0431\u0440\u0438\u043a\u0430 \u0410\u043a\u0434\u0435\u043c \u0422\u0435\u043a\u0441\u0442\u0438\u043b\u044c<\/span>\n<\/h2><div class=\"deeper-spacer clearfix\" data-config='{\"desktop\":50,\"mobile\":40,\"smobile\":30}'><\/div><div class=\"deeper-cf7 form-7  btn-light style-1 align-left\" style=\"\">\n<div class=\"wpcf7 no-js\" id=\"wpcf7-f7-o1\" lang=\"tr-TR\" dir=\"ltr\">\n<div class=\"screen-reader-response\"><p role=\"status\" aria-live=\"polite\" aria-atomic=\"true\"><\/p> <ul><\/ul><\/div>\n<form action=\"\/ru\/wp-json\/wp\/v2\/pages\/1887#wpcf7-f7-o1\" method=\"post\" class=\"wpcf7-form init\" aria-label=\"\u0130leti\u015fim Formu\" novalidate=\"novalidate\" data-status=\"init\">\n<div style=\"display: none;\">\n<input type=\"hidden\" name=\"_wpcf7\" value=\"7\" \/>\n<input type=\"hidden\" name=\"_wpcf7_version\" value=\"5.9.5\" \/>\n<input type=\"hidden\" name=\"_wpcf7_locale\" value=\"tr_TR\" \/>\n<input type=\"hidden\" name=\"_wpcf7_unit_tag\" value=\"wpcf7-f7-o1\" \/>\n<input type=\"hidden\" name=\"_wpcf7_container_post\" value=\"0\" \/>\n<input type=\"hidden\" name=\"_wpcf7_posted_data_hash\" value=\"\" \/>\n<input type=\"hidden\" name=\"_wpcf7_recaptcha_response\" value=\"\" \/>\n<\/div>\n<p><label> \u0418\u043c\u044f \u0424\u0430\u043c\u0438\u043b\u0438\u044f<br \/>\n<span class=\"wpcf7-form-control-wrap\" data-name=\"your-name\"><input size=\"40\" class=\"wpcf7-form-control wpcf7-text wpcf7-validates-as-required\" aria-required=\"true\" aria-invalid=\"false\" value=\"\" type=\"text\" name=\"your-name\" \/><\/span> <\/label>\n<\/p>\n<p><label> \u0412\u0430\u0448 \u044d\u043b\u0435\u043a\u0442\u0440\u043e\u043d\u043d\u044b\u0439 \u0430\u0434\u0440\u0435\u0441<br \/>\n<span class=\"wpcf7-form-control-wrap\" data-name=\"your-email\"><input size=\"40\" class=\"wpcf7-form-control wpcf7-email wpcf7-validates-as-required wpcf7-text wpcf7-validates-as-email\" aria-required=\"true\" aria-invalid=\"false\" value=\"\" type=\"email\" name=\"your-email\" \/><\/span> <\/label>\n<\/p>\n<p><label> \u0422\u0435\u043c\u0430 \u0441\u043e\u043e\u0431\u0449\u0435\u043d\u0438\u044f<br \/>\n<span class=\"wpcf7-form-control-wrap\" data-name=\"your-subject\"><input size=\"40\" class=\"wpcf7-form-control wpcf7-text wpcf7-validates-as-required\" aria-required=\"true\" aria-invalid=\"false\" value=\"\" type=\"text\" name=\"your-subject\" \/><\/span> <\/label>\n<\/p>\n<p><label> \u0412\u0430\u0448\u0435 \u0441\u043e\u043e\u0431\u0449\u0435\u043d\u0438\u0435<br \/>\n<span class=\"wpcf7-form-control-wrap\" data-name=\"your-message\"><textarea cols=\"40\" rows=\"10\" class=\"wpcf7-form-control wpcf7-textarea\" aria-invalid=\"false\" name=\"your-message\"><\/textarea><\/span> <\/label>\n<\/p>\n<p><input class=\"wpcf7-form-control wpcf7-submit has-spinner\" type=\"submit\" value=\"\u041e\u0442\u043f\u0440\u0430\u0432\u0438\u0442\u044c\" \/>\n<\/p><div class=\"wpcf7-response-output\" aria-hidden=\"true\"><\/div>\n<\/form>\n<\/div>\n<\/div>\r\n\t\t\t\t\t<\/div>\r\n\t\t\t\t\t\r\n\t\t\t\t<\/div>[\/vc_column_inner][vc_column_inner offset=&#187;vc_col-md-7&#8243;][vc_gmaps link=&#187;#E-8_JTNDaWZyYW1lJTIwc3JjJTNEJTIyaHR0cHMlM0ElMkYlMkZ3d3cuZ29vZ2xlLmNvbSUyRm1hcHMlMkZlbWJlZCUzRnBiJTNEJTIxMW0xOCUyMTFtMTIlMjExbTMlMjExZDMwNDcuMDIxMDgyNDk5MDc4JTIxMmQyOS4yMTIwNDU4MTU2NDQyOTUlMjEzZDQwLjIwODU5Mzk3NjE5NDk1NSUyMTJtMyUyMTFmMCUyMTJmMCUyMTNmMCUyMTNtMiUyMTFpMTAyNCUyMTJpNzY4JTIxNGYxMy4xJTIxM20zJTIxMW0yJTIxMXMweDE0Y2EzODEzZDgwMTg2YmYlMjUzQTB4NGI2Njk1YTZiNzM0MmNjZSUyMTJzQWtkZW0lMjUyMFRla3N0aWwlMjE1ZTAlMjEzbTIlMjExc3RyJTIxMnN0ciUyMTR2MTYwNjg2MTYwNzg0OCUyMTVtMiUyMTFzdHIlMjEyc3RyJTIyJTIwd2lkdGglM0QlMjI2MDAlMjIlMjBoZWlnaHQlM0QlMjI3MDAlMjIlMjBmcmFtZWJvcmRlciUzRCUyMjAlMjIlMjBzdHlsZSUzRCUyMmJvcmRlciUzQTAlM0IlMjIlMjBhbGxvd2Z1bGxzY3JlZW4lM0QlMjIlMjIlMjBhcmlhLWhpZGRlbiUzRCUyMmZhbHNlJTIyJTIwdGFiaW5kZXglM0QlMjIwJTIyJTNFJTNDJTJGaWZyYW1lJTNF&#187;][\/vc_column_inner][\/vc_row_inner]<div class=\"deeper-spacer clearfix\" data-config='{\"desktop\":75,\"mobile\":65,\"smobile\":55}'><\/div>[\/vc_column][\/vc_row][vc_row full_width=&#187;stretch_row&#187; canvas=&#187;%5B%7B%22shape%22%3A%22shape-1%22%2C%22image_effect%22%3A%22style-1%22%2C%22smoothness%22%3A%2230%22%7D%5D&#187; css=&#187;.vc_custom_1592643306738{background-color: #f8f8f9 !important;}&#187;][vc_column]<div class=\"deeper-spacer clearfix\" data-config='{\"desktop\":50,\"mobile\":40,\"smobile\":30}'><\/div>[vc_row_inner][vc_column_inner offset=&#187;vc_col-md-4&#8243;]<div class=\"deeper-content-box clearfix ctb-997574009\" style=\"\" data-config='{\"padding\":\"70px 50px 86px\",\"mobiPadding\":\"70px 50px 86px\",\"margin\":\"0\",\"mobiMargin\":\"0\",\"bg\":\"#ffffff\",\"round\":\"10px\",\"borderStyleHover\":\"solid\",\"shadowHover\":\"0 30px 70px 0 rgba(227,239,240,0.7)\",\"TranslateYHover\":\"-10\"}'>\r\n\t\t\t\t\t<div class=\"inner \" style=\"overflow:hidden;\">\r\n\t\t\t\t\t\t<div class=\"deeper-icon-box clearfix icon-top align-center\" style=\"\" >\n\t\t\t\t\t <h3 class=\"heading \" style=\"margin-top:40px;margin-bottom:15px;\">\n\t\t\t\t\t\t<span>\u0410\u0434\u0440\u0435\u0441 \u0446\u0435\u043d\u0442\u0440\u0430\u043b\u044c\u043d\u043e\u0433\u043e \u043e\u0444\u0438\u0441\u0430<\/span>\n\t\t\t\t\t<\/h3><div class=\"desc \" style=\"\"><p>Yunus Emre Mah. 2.Ak\u00e7ay Sk. No:4 Y\u0131ld\u0131r\u0131m Bursa T\u00dcRK\u0130YE<\/p>\n<\/div> \n\t\t\t\t<\/div>\r\n\t\t\t\t\t<\/div>\r\n\t\t\t\t\t\r\n\t\t\t\t<\/div><div class=\"deeper-spacer clearfix\" data-config='{\"mobile\":30,\"smobile\":30}'><\/div>[\/vc_column_inner][vc_column_inner offset=&#187;vc_col-md-4&#8243;]<div class=\"deeper-content-box clearfix ctb-1410601500\" style=\"\" data-config='{\"padding\":\"70px 50px 86px\",\"mobiPadding\":\"70px 50px 86px\",\"margin\":\"0\",\"mobiMargin\":\"0\",\"bg\":\"#ffffff\",\"round\":\"10px\",\"borderStyleHover\":\"solid\",\"shadowHover\":\"0 30px 70px 0 rgba(227,239,240,0.7)\",\"TranslateYHover\":\"-10\"}'>\r\n\t\t\t\t\t<div class=\"inner \" style=\"overflow:hidden;\">\r\n\t\t\t\t\t\t<div class=\"deeper-icon-box clearfix icon-top align-center\" style=\"\" >\n\t\t\t\t\t <h3 class=\"heading \" style=\"margin-top:40px;margin-bottom:15px;\">\n\t\t\t\t\t\t<span>\u0413\u043b\u0430\u0432\u043d\u044b\u0439 \u043e\u0444\u0438\u0441 \u0422\u0435\u043b.<\/span>\n\t\t\t\t\t<\/h3><div class=\"desc \" style=\"\"><p>+90 224 364 33 78<br \/>\n+90 530 408 21 24<\/p>\n<\/div> \n\t\t\t\t<\/div>\r\n\t\t\t\t\t<\/div>\r\n\t\t\t\t\t\r\n\t\t\t\t<\/div><div class=\"deeper-spacer clearfix\" data-config='{\"mobile\":30,\"smobile\":30}'><\/div>[\/vc_column_inner][vc_column_inner offset=&#187;vc_col-md-4&#8243;]<div class=\"deeper-content-box clearfix ctb-727671532\" style=\"\" data-config='{\"padding\":\"70px 50px 86px\",\"mobiPadding\":\"70px 50px 86px\",\"margin\":\"0\",\"mobiMargin\":\"0\",\"bg\":\"#ffffff\",\"round\":\"10px\",\"borderStyleHover\":\"solid\",\"shadowHover\":\"0 30px 70px 0 rgba(227,239,240,0.7)\",\"TranslateYHover\":\"-10\"}'>\r\n\t\t\t\t\t<div class=\"inner \" style=\"overflow:hidden;\">\r\n\t\t\t\t\t\t<div class=\"deeper-icon-box clearfix icon-top align-center\" style=\"\" >\n\t\t\t\t\t <h3 class=\"heading \" style=\"margin-top:40px;margin-bottom:15px;\">\n\t\t\t\t\t\t<span>\u042d\u043b. \u043f\u043e\u0447\u0442\u0430<\/span>\n\t\t\t\t\t<\/h3><div class=\"desc \" style=\"\"><p>akdem@akdemtekstil.com.tr<br \/>\nsatis@akdemtekstil.com.tr<\/p>\n<\/div> \n\t\t\t\t<\/div>\r\n\t\t\t\t\t<\/div>\r\n\t\t\t\t\t\r\n\t\t\t\t<\/div>[\/vc_column_inner][\/vc_row_inner]<div class=\"deeper-spacer clearfix\" data-config='{\"desktop\":50,\"mobile\":40,\"smobile\":30}'><\/div>[\/vc_column][\/vc_row][vc_row][vc_column]<div class=\"deeper-spacer clearfix\" data-config='{\"desktop\":150,\"mobile\":120,\"smobile\":90}'><\/div>[vc_row_inner equal_height=&#187;yes&#187;][vc_column_inner offset=&#187;vc_col-md-5&#8243;]<div class=\"deeper-content-box clearfix ctb-2112866540 wow fadeInUp\" style=\"\" data-config='{\"padding\":\"0\",\"mobiPadding\":\"0\",\"margin\":\"0\",\"mobiMargin\":\"0\",\"borderStyleHover\":\"solid\"}' data-wow-duration=\"0.75s\" data-wow-delay=\"0.3s\">\r\n\t\t\t\t\t<div class=\"inner \" style=\"\">\r\n\t\t\t\t\t\t<h2 class=\"deeper-text align-left \" style=\"margin-bottom:0px;\" ><span>\u0413\u043e\u043b\u043e\u0432\u043d\u043e\u0439 \u043e\u0444\u0438\u0441 \u0410\u043a\u0434\u0435\u043c \u0422\u0435\u043a\u0441\u0442\u0438\u043b\u044c<\/span>\n<\/h2><div class=\"deeper-spacer clearfix\" data-config='{\"desktop\":50,\"mobile\":40,\"smobile\":30}'><\/div><div class=\"deeper-cf7 form-3465  btn-light style-1 align-left\" style=\"\">\n<div class=\"wpcf7 no-js\" id=\"wpcf7-f3465-o2\" lang=\"tr-TR\" dir=\"ltr\">\n<div class=\"screen-reader-response\"><p role=\"status\" aria-live=\"polite\" aria-atomic=\"true\"><\/p> <ul><\/ul><\/div>\n<form action=\"\/ru\/wp-json\/wp\/v2\/pages\/1887#wpcf7-f3465-o2\" method=\"post\" class=\"wpcf7-form init\" aria-label=\"\u0130leti\u015fim Formu\" novalidate=\"novalidate\" data-status=\"init\">\n<div style=\"display: none;\">\n<input type=\"hidden\" name=\"_wpcf7\" value=\"3465\" \/>\n<input type=\"hidden\" name=\"_wpcf7_version\" value=\"5.9.5\" \/>\n<input type=\"hidden\" name=\"_wpcf7_locale\" value=\"tr_TR\" \/>\n<input type=\"hidden\" name=\"_wpcf7_unit_tag\" value=\"wpcf7-f3465-o2\" \/>\n<input type=\"hidden\" name=\"_wpcf7_container_post\" value=\"0\" \/>\n<input type=\"hidden\" name=\"_wpcf7_posted_data_hash\" value=\"\" \/>\n<input type=\"hidden\" name=\"_wpcf7_recaptcha_response\" value=\"\" \/>\n<\/div>\n<p><label> \u0418\u043c\u044f \u0424\u0430\u043c\u0438\u043b\u0438\u044f<br \/>\n<span class=\"wpcf7-form-control-wrap\" data-name=\"your-name\"><input size=\"40\" class=\"wpcf7-form-control wpcf7-text wpcf7-validates-as-required\" aria-required=\"true\" aria-invalid=\"false\" value=\"\" type=\"text\" name=\"your-name\" \/><\/span> <\/label>\n<\/p>\n<p><label> \u0412\u0430\u0448 \u044d\u043b\u0435\u043a\u0442\u0440\u043e\u043d\u043d\u044b\u0439 \u0430\u0434\u0440\u0435\u0441z<br \/>\n<span class=\"wpcf7-form-control-wrap\" data-name=\"your-email\"><input size=\"40\" class=\"wpcf7-form-control wpcf7-email wpcf7-validates-as-required wpcf7-text wpcf7-validates-as-email\" aria-required=\"true\" aria-invalid=\"false\" value=\"\" type=\"email\" name=\"your-email\" \/><\/span> <\/label>\n<\/p>\n<p><label> \u0422\u0435\u043c\u0430 \u0441\u043e\u043e\u0431\u0449\u0435\u043d\u0438\u044f<br \/>\n<span class=\"wpcf7-form-control-wrap\" data-name=\"your-subject\"><input size=\"40\" class=\"wpcf7-form-control wpcf7-text wpcf7-validates-as-required\" aria-required=\"true\" aria-invalid=\"false\" value=\"\" type=\"text\" name=\"your-subject\" \/><\/span> <\/label>\n<\/p>\n<p><label> \u0412\u0430\u0448\u0435 \u0441\u043e\u043e\u0431\u0449\u0435\u043d\u0438\u0435<br \/>\n<span class=\"wpcf7-form-control-wrap\" data-name=\"your-message\"><textarea cols=\"40\" rows=\"10\" class=\"wpcf7-form-control wpcf7-textarea\" aria-invalid=\"false\" name=\"your-message\"><\/textarea><\/span> <\/label>\n<\/p>\n<p><input class=\"wpcf7-form-control wpcf7-submit has-spinner\" type=\"submit\" value=\"\u041e\u0442\u043f\u0440\u0430\u0432\u0438\u0442\u044c\" \/>\n<\/p><div class=\"wpcf7-response-output\" aria-hidden=\"true\"><\/div>\n<\/form>\n<\/div>\n<\/div>\r\n\t\t\t\t\t<\/div>\r\n\t\t\t\t\t\r\n\t\t\t\t<\/div>[\/vc_column_inner][vc_column_inner offset=&#187;vc_col-md-7&#8243;][vc_gmaps link=&#187;#E-8_JTNDaWZyYW1lJTIwc3JjJTNEJTIyaHR0cHMlM0ElMkYlMkZ3d3cuZ29vZ2xlLmNvbSUyRm1hcHMlMkZlbWJlZCUzRnBiJTNEJTIxMW0xOCUyMTFtMTIlMjExbTMlMjExZDM4MC45NTIxODQyNDQ5MzU5NSUyMTJkMjkuMDkxNDkxMTM5NzMyMzA1JTIxM2Q0MC4xOTUzMjU2NjczMDQwNCUyMTJtMyUyMTFmMCUyMTJmMCUyMTNmMCUyMTNtMiUyMTFpMTAyNCUyMTJpNzY4JTIxNGYxMy4xJTIxM20zJTIxMW0yJTIxMXMweDE0Y2EzZTYxZDFmYjdlZmIlMjUzQTB4YTJjMTg2NDRiOWY3MDE3NSUyMTJzQWtkZW0lMjE1ZTAlMjEzbTIlMjExc3RyJTIxMnN0ciUyMTR2MTYwNjg2MTgxOTI0NyUyMTVtMiUyMTFzdHIlMjEyc3RyJTIyJTIwd2lkdGglM0QlMjI2MDAlMjIlMjBoZWlnaHQlM0QlMjI3MDAlMjIlMjBmcmFtZWJvcmRlciUzRCUyMjAlMjIlMjBzdHlsZSUzRCUyMmJvcmRlciUzQTAlM0IlMjIlMjBhbGxvd2Z1bGxzY3JlZW4lM0QlMjIlMjIlMjBhcmlhLWhpZGRlbiUzRCUyMmZhbHNlJTIyJTIwdGFiaW5kZXglM0QlMjIwJTIyJTNFJTNDJTJGaWZyYW1lJTNF&#187;][\/vc_column_inner][\/vc_row_inner]<div class=\"deeper-spacer clearfix\" data-config='{\"desktop\":75,\"mobile\":65,\"smobile\":55}'><\/div>[\/vc_column][\/vc_row][vc_row full_width=&#187;stretch_row&#187; canvas=&#187;%5B%7B%22shape%22%3A%22shape-1%22%2C%22image_effect%22%3A%22style-1%22%2C%22smoothness%22%3A%2230%22%7D%5D&#187; css=&#187;.vc_custom_1610544342427{background-color: #222831 !important;}&#187;][vc_column width=&#187;1\/2&#8243; css=&#187;.vc_custom_1610543904170{padding-right: 20px !important;padding-left: 20px !important;}&#187;][vc_empty_space][vc_single_image image=&#187;3008&#8243; img_size=&#187;full&#187;][vc_empty_space height=&#187;10px&#187;]<div class=\"deeper-text align-left \" style=\"font-size:14px;color:#ffffff;\" ><span>\u0410\u0432\u0442\u043e\u0440\u0441\u043a\u0438\u0435 \u043f\u0440\u0430\u0432\u0430 \u00a9 2024 \u0410\u043a\u0434\u0435\u043c \u0422\u0435\u043a\u0441\u0442\u0438\u043b\u044c<\/span>\n<\/div>[vc_empty_space][\/vc_column][vc_column width=&#187;1\/2&#8243;][vc_empty_space][social_vc_father align=&#187;right&#187;][social_vc_son url=&#187;#&#187; icon=&#187;fab fa-instagram&#187; clr=&#187;#ffffff&#187;][social_vc_son url=&#187;#&#187; icon=&#187;fab fa-facebook-f&#187; clr=&#187;#ffffff&#187;][social_vc_son url=&#187;#&#187; icon=&#187;fab fa-youtube&#187; clr=&#187;#ffffff&#187;][\/social_vc_father][vc_empty_space height=&#187;10px&#187;]<div class=\"deeper-text align-right \" style=\"font-size:14px;color:#ffffff;\" ><span>\u0414\u0438\u0437\u0430\u0439\u043d \u0438 \u0440\u0435\u0448\u0435\u043d\u0438\u0435 Bravo Works&nbsp; <a href=\"http:\/\/www.bravoworks.com.tr\/\" target=\"_blank\" rel=\"noopener noreferrer\"><img loading=\"lazy\" decoding=\"async\" class=\"alignnone wp-image-3484 size-full\" src=\"https:\/\/www.akdemtekstil.com.tr\/ru\/wp-content\/uploads\/2021\/02\/bravo.png\" alt=\"\" width=\"62\" height=\"30\"><\/a><\/span>\n<\/div>[vc_empty_space][\/vc_column][\/vc_row]<\/p>\n","protected":false},"excerpt":{"rendered":"<p>[vc_row full_width=&#187;stretch_row&#187; canvas=&#187;%5B%7B%22shape%22%3A%22shape-1%22%2C%22image_effect%22%3A%22style-1%22%2C%22smoothness%22%3A%2230%22%7D%5D&#187; css=&#187;.vc_custom_1592643306738{background-color: #f8f8f9 !important;}&#187;][vc_column][vc_row_inner][vc_column_inner offset=&#187;vc_col-md-4&#8243;][\/vc_column_inner][vc_column_inner offset=&#187;vc_col-md-4&#8243;][\/vc_column_inner][vc_column_inner offset=&#187;vc_col-md-4&#8243;][\/vc_column_inner][\/vc_row_inner][\/vc_column][\/vc_row][vc_row][vc_column][vc_row_inner equal_height=&#187;yes&#187;][vc_column_inner offset=&#187;vc_col-md-5&#8243;][\/vc_column_inner][vc_column_inner offset=&#187;vc_col-md-7&#8243;][vc_gmaps link=&#187;#E-8_JTNDaWZyYW1lJTIwc3JjJTNEJTIyaHR0cHMlM0ElMkYlMkZ3d3cuZ29vZ2xlLmNvbSUyRm1hcHMlMkZlbWJlZCUzRnBiJTNEJTIxMW0xOCUyMTFtMTIlMjExbTMlMjExZDMwNDcuMDIxMDgyNDk5MDc4JTIxMmQyOS4yMTIwNDU4MTU2NDQyOTUlMjEzZDQwLjIwODU5Mzk3NjE5NDk1NSUyMTJtMyUyMTFmMCUyMTJmMCUyMTNmMCUyMTNtMiUyMTFpMTAyNCUyMTJpNzY4JTIxNGYxMy4xJTIxM20zJTIxMW0yJTIxMXMweDE0Y2EzODEzZDgwMTg2YmYlMjUzQTB4NGI2Njk1YTZiNzM0MmNjZSUyMTJzQWtkZW0lMjUyMFRla3N0aWwlMjE1ZTAlMjEzbTIlMjExc3RyJTIxMnN0ciUyMTR2MTYwNjg2MTYwNzg0OCUyMTVtMiUyMTFzdHIlMjEyc3RyJTIyJTIwd2lkdGglM0QlMjI2MDAlMjIlMjBoZWlnaHQlM0QlMjI3MDAlMjIlMjBmcmFtZWJvcmRlciUzRCUyMjAlMjIlMjBzdHlsZSUzRCUyMmJvcmRlciUzQTAlM0IlMjIlMjBhbGxvd2Z1bGxzY3JlZW4lM0QlMjIlMjIlMjBhcmlhLWhpZGRlbiUzRCUyMmZhbHNlJTIyJTIwdGFiaW5kZXglM0QlMjIwJTIyJTNFJTNDJTJGaWZyYW1lJTNF&#187;][\/vc_column_inner][\/vc_row_inner][\/vc_column][\/vc_row][vc_row full_width=&#187;stretch_row&#187; canvas=&#187;%5B%7B%22shape%22%3A%22shape-1%22%2C%22image_effect%22%3A%22style-1%22%2C%22smoothness%22%3A%2230%22%7D%5D&#187; css=&#187;.vc_custom_1592643306738{background-color: #f8f8f9 !important;}&#187;][vc_column][vc_row_inner][vc_column_inner offset=&#187;vc_col-md-4&#8243;][\/vc_column_inner][vc_column_inner offset=&#187;vc_col-md-4&#8243;][\/vc_column_inner][vc_column_inner offset=&#187;vc_col-md-4&#8243;][\/vc_column_inner][\/vc_row_inner][\/vc_column][\/vc_row][vc_row][vc_column][vc_row_inner equal_height=&#187;yes&#187;][vc_column_inner offset=&#187;vc_col-md-5&#8243;][\/vc_column_inner][vc_column_inner offset=&#187;vc_col-md-7&#8243;][vc_gmaps link=&#187;#E-8_JTNDaWZyYW1lJTIwc3JjJTNEJTIyaHR0cHMlM0ElMkYlMkZ3d3cuZ29vZ2xlLmNvbSUyRm1hcHMlMkZlbWJlZCUzRnBiJTNEJTIxMW0xOCUyMTFtMTIlMjExbTMlMjExZDM4MC45NTIxODQyNDQ5MzU5NSUyMTJkMjkuMDkxNDkxMTM5NzMyMzA1JTIxM2Q0MC4xOTUzMjU2NjczMDQwNCUyMTJtMyUyMTFmMCUyMTJmMCUyMTNmMCUyMTNtMiUyMTFpMTAyNCUyMTJpNzY4JTIxNGYxMy4xJTIxM20zJTIxMW0yJTIxMXMweDE0Y2EzZTYxZDFmYjdlZmIlMjUzQTB4YTJjMTg2NDRiOWY3MDE3NSUyMTJzQWtkZW0lMjE1ZTAlMjEzbTIlMjExc3RyJTIxMnN0ciUyMTR2MTYwNjg2MTgxOTI0NyUyMTVtMiUyMTFzdHIlMjEyc3RyJTIyJTIwd2lkdGglM0QlMjI2MDAlMjIlMjBoZWlnaHQlM0QlMjI3MDAlMjIlMjBmcmFtZWJvcmRlciUzRCUyMjAlMjIlMjBzdHlsZSUzRCUyMmJvcmRlciUzQTAlM0IlMjIlMjBhbGxvd2Z1bGxzY3JlZW4lM0QlMjIlMjIlMjBhcmlhLWhpZGRlbiUzRCUyMmZhbHNlJTIyJTIwdGFiaW5kZXglM0QlMjIwJTIyJTNFJTNDJTJGaWZyYW1lJTNF&#187;][\/vc_column_inner][\/vc_row_inner][\/vc_column][\/vc_row][vc_row full_width=&#187;stretch_row&#187; canvas=&#187;%5B%7B%22shape%22%3A%22shape-1%22%2C%22image_effect%22%3A%22style-1%22%2C%22smoothness%22%3A%2230%22%7D%5D&#187; css=&#187;.vc_custom_1610544342427{background-color: #222831 !important;}&#187;][vc_column width=&#187;1\/2&#8243; css=&#187;.vc_custom_1610543904170{padding-right: 20px !important;padding-left: 20px !important;}&#187;][vc_empty_space][vc_single_image image=&#187;3008&#8243; img_size=&#187;full&#187;][vc_empty_space height=&#187;10px&#187;][vc_empty_space][\/vc_column][vc_column width=&#187;1\/2&#8243;][vc_empty_space][social_vc_father align=&#187;right&#187;][social_vc_son url=&#187;#&#187; icon=&#187;fab fa-instagram&#187; clr=&#187;#ffffff&#187;][social_vc_son url=&#187;#&#187; icon=&#187;fab fa-facebook-f&#187; clr=&#187;#ffffff&#187;][social_vc_son url=&#187;#&#187;<\/p>\n","protected":false},"author":1,"featured_media":0,"parent":0,"menu_order":0,"comment_status":"closed","ping_status":"closed","template":"","meta":{"ngg_post_thumbnail":0,"footnotes":""},"_links":{"self":[{"href":"https:\/\/www.akdemtekstil.com.tr\/ru\/wp-json\/wp\/v2\/pages\/1887"}],"collection":[{"href":"https:\/\/www.akdemtekstil.com.tr\/ru\/wp-json\/wp\/v2\/pages"}],"about":[{"href":"https:\/\/www.akdemtekstil.com.tr\/ru\/wp-json\/wp\/v2\/types\/page"}],"author":[{"embeddable":true,"href":"https:\/\/www.akdemtekstil.com.tr\/ru\/wp-json\/wp\/v2\/users\/1"}],"replies":[{"embeddable":true,"href":"https:\/\/www.akdemtekstil.com.tr\/ru\/wp-json\/wp\/v2\/comments?post=1887"}],"version-history":[{"count":18,"href":"https:\/\/www.akdemtekstil.com.tr\/ru\/wp-json\/wp\/v2\/pages\/1887\/revisions"}],"predecessor-version":[{"id":3784,"href":"https:\/\/www.akdemtekstil.com.tr\/ru\/wp-json\/wp\/v2\/pages\/1887\/revisions\/3784"}],"wp:attachment":[{"href":"https:\/\/www.akdemtekstil.com.tr\/ru\/wp-json\/wp\/v2\/media?parent=1887"}],"curies":[{"name":"wp","href":"https:\/\/api.w.org\/{rel}","templated":true}]}}